{"id":1739,"date":"2016-11-07T04:05:19","date_gmt":"2016-11-07T04:05:19","guid":{"rendered":"https:\/\/bovinslagasolinera.com\/servicios\/"},"modified":"2025-11-19T11:40:48","modified_gmt":"2025-11-19T11:40:48","slug":"servicios","status":"publish","type":"page","link":"https:\/\/bovinslagasolinera.com\/es\/servicios\/","title":{"rendered":"Servicios"},"content":{"rendered":"<p><div class=\"fusion-fullwidth fullwidth-box fusion-builder-row-1 fusion-flex-container fusion-parallax-none nonhundred-percent-fullwidth non-hundred-percent-height-scrolling lazyload\" style=\"--awb-border-radius-top-left:0px;--awb-border-radius-top-right:0px;--awb-border-radius-bottom-right:0px;--awb-border-radius-bottom-left:0px;--awb-padding-top:66px;--awb-padding-bottom:37px;--awb-padding-top-medium:24px;--awb-padding-bottom-small:0px;--awb-background-size:cover;--awb-flex-wrap:wrap;\" data-bg=\"https:\/\/bovinslagasolinera.com\/wp-content\/uploads\/2025\/11\/carn-de-qualitat.jpg\" ><div class=\"fusion-builder-row fusion-row fusion-flex-align-items-stretch fusion-flex-content-wrap\" style=\"max-width:1289.6px;margin-left: calc(-4% \/ 2 );margin-right: calc(-4% \/ 2 );\"><div class=\"fusion-layout-column fusion_builder_column fusion-builder-column-0 fusion_builder_column_1_2 1_2 fusion-flex-column\" style=\"--awb-padding-top:44px;--awb-padding-right:48px;--awb-padding-bottom:23px;--awb-padding-left:46px;--awb-padding-bottom-medium:40px;--awb-overflow:hidden;--awb-bg-color:rgba(255,255,255,0.75);--awb-bg-color-hover:rgba(255,255,255,0.75);--awb-bg-blend:overlay;--awb-bg-size:cover;--awb-border-radius:8px 8px 8px 8px;--awb-width-large:50%;--awb-margin-top-large:0px;--awb-spacing-right-large:0%;--awb-margin-bottom-large:0px;--awb-spacing-left-large:0%;--awb-width-medium:100%;--awb-spacing-right-medium:1.92%;--awb-spacing-left-medium:1.92%;--awb-width-small:100%;--awb-spacing-right-small:1.92%;--awb-spacing-left-small:1.92%;\"><div class=\"fusion-column-wrapper fusion-flex-justify-content-center fusion-content-layout-column\"><div class=\"fusion-title title fusion-title-1 fusion-sep-none fusion-title-text fusion-title-size-one\" style=\"--awb-margin-top:0px;\"><h1 class=\"fusion-title-heading title-heading-left fusion-responsive-typography-calculated\" style=\"margin:0;--fontSize:70;line-height:var(--awb-typography1-line-height);\">Que hacemos<\/h1><\/div><div class=\"fusion-text fusion-text-1\" style=\"--awb-margin-top:20px;\"><p data-start=\"247\" data-end=\"729\">En Bovins La Gasolinera entendemos que la tierra es el origen de todo. Sin un suelo vivo y equilibrado, no puede existir una ganader\u00eda sostenible ni productos c\u00e1rnicos ecol\u00f3gicos de calidad. Por eso, nuestro primer compromiso es con el territorio. Trabajamos con m\u00e9todos respetuosos que favorecen la regeneraci\u00f3n del suelo, la biodiversidad y la salud de los ecosistemas que nos rodean. Utilizamos pr\u00e1cticas que minimizan el impacto ambiental y potencian la resiliencia natural del paisaje.<\/p>\n<p data-start=\"731\" data-end=\"1081\">La gesti\u00f3n de nuestros campos sigue criterios ecol\u00f3gicos que nos permiten mantener un equilibrio real entre lo que extraemos y lo que devolvemos. No buscamos producir m\u00e1s, sino producir mejor: con conciencia, con medida y con responsabilidad. La tierra nos sostiene, y nosotros la respetamos para garantizar que siga siendo f\u00e9rtil para las generaciones futuras.<\/p>\n<\/div><div class=\"fusion-separator fusion-full-width-sep\" style=\"align-self: center;margin-left: auto;margin-right: auto;margin-top:25px;width:100%;\"><\/div><\/div><\/div><\/div><\/div><div class=\"fusion-fullwidth fullwidth-box fusion-builder-row-2 fusion-flex-container nonhundred-percent-fullwidth non-hundred-percent-height-scrolling\" style=\"--awb-border-radius-top-left:0px;--awb-border-radius-top-right:0px;--awb-border-radius-bottom-right:0px;--awb-border-radius-bottom-left:0px;--awb-padding-top:45px;--awb-padding-bottom:59px;--awb-background-color:#ffffff;--awb-background-image:linear-gradient(180deg, #ffffff 0%,#ffffff 100%);--awb-flex-wrap:wrap;\" ><div class=\"fusion-builder-row fusion-row fusion-flex-align-items-center fusion-flex-justify-content-center fusion-flex-content-wrap\" style=\"max-width:1289.6px;margin-left: calc(-4% \/ 2 );margin-right: calc(-4% \/ 2 );\"><div class=\"fusion-layout-column fusion_builder_column fusion-builder-column-1 fusion_builder_column_3_4 3_4 fusion-flex-column\" style=\"--awb-bg-blend:overlay;--awb-bg-size:cover;--awb-width-large:75%;--awb-margin-top-large:0px;--awb-spacing-right-large:2.56%;--awb-margin-bottom-large:0px;--awb-spacing-left-large:2.56%;--awb-width-medium:100%;--awb-spacing-right-medium:1.92%;--awb-spacing-left-medium:1.92%;--awb-width-small:100%;--awb-spacing-right-small:1.92%;--awb-spacing-left-small:1.92%;\"><div class=\"fusion-column-wrapper fusion-flex-justify-content-flex-start fusion-content-layout-column\"><div class=\"fusion-title title fusion-title-2 fusion-sep-none fusion-title-center fusion-title-text fusion-title-size-two\" style=\"--awb-text-color:var(--awb-color6);--awb-margin-top:0px;--awb-margin-bottom:0px;--awb-margin-bottom-small:0px;\"><h2 class=\"fusion-title-heading title-heading-center fusion-responsive-typography-calculated\" style=\"margin:0;--fontSize:50;line-height:var(--awb-typography1-line-height);\"><p><b><br \/>\nCuidamos de los animales<br \/>\n<\/b><\/p><\/h2><\/div><div class=\"fusion-text fusion-text-2\" style=\"--awb-content-alignment:center;--awb-margin-top:20px;\"><p data-start=\"1112\" data-end=\"1492\">Los animales son el coraz\u00f3n de nuestro proyecto. Su bienestar es una parte esencial de nuestro d\u00eda a d\u00eda y una responsabilidad que asumimos con rigor. Nuestros reba\u00f1os crecen en espacios amplios, tranquilos y adaptados a sus necesidades naturales. Apostamos por una alimentaci\u00f3n basada en pastos, cereales y forrajes de calidad, evitando siempre pr\u00e1cticas intensivas o estresantes.<\/p>\n<p data-start=\"1494\" data-end=\"1942\">El manejo respetuoso es un punto clave de nuestro trabajo: trabajar con calma, evitar situaciones de presi\u00f3n y entender los ritmos de cada animal nos permite mantenerlos sanos y equilibrados. Esto no solo refleja una filosof\u00eda \u00e9tica, sino que tambi\u00e9n es la base para que los productos c\u00e1rnicos ecol\u00f3gicos tengan la calidad, textura y sabor que los caracteriza. Todo el proceso, desde la cr\u00eda hasta el control final, es coherente con esta manera de hacer.<\/p>\n<\/div><\/div><\/div><\/div><\/div><div class=\"fusion-fullwidth fullwidth-box fusion-builder-row-3 fusion-flex-container fusion-parallax-none nonhundred-percent-fullwidth non-hundred-percent-height-scrolling lazyload\" style=\"--link_color: var(--awb-color6);--awb-border-radius-top-left:0px;--awb-border-radius-top-right:0px;--awb-border-radius-bottom-right:0px;--awb-border-radius-bottom-left:0px;--awb-padding-top:137px;--awb-padding-bottom:83px;--awb-padding-bottom-medium:110px;--awb-background-color:var(--awb-color6);--awb-background-image:linear-gradient(180deg, var(--awb-color6) 0%,var(--awb-color8) 90%);;--awb-background-size:cover;--awb-flex-wrap:wrap;\" data-bg=\"https:\/\/ribados.com\/wp-content\/uploads\/2025\/11\/31.jpg\" data-bg-gradient=\"linear-gradient(180deg, var(--awb-color6) 0%,var(--awb-color8) 90%)\" ><div class=\"fusion-builder-row fusion-row fusion-flex-align-items-flex-start fusion-flex-content-wrap\" style=\"max-width:calc( 1240px + 0px );margin-left: calc(-0px \/ 2 );margin-right: calc(-0px \/ 2 );\"><div class=\"fusion-layout-column fusion_builder_column fusion-builder-column-2 fusion_builder_column_1_1 1_1 fusion-flex-column\" style=\"--awb-padding-right:13%;--awb-padding-left:13%;--awb-bg-blend:overlay;--awb-bg-size:cover;--awb-width-large:100%;--awb-margin-top-large:0px;--awb-spacing-right-large:0px;--awb-margin-bottom-large:40px;--awb-spacing-left-large:0px;--awb-width-medium:100%;--awb-spacing-right-medium:0px;--awb-spacing-left-medium:0px;--awb-width-small:100%;--awb-spacing-right-small:0px;--awb-spacing-left-small:0px;\"><div class=\"fusion-column-wrapper fusion-flex-justify-content-flex-start fusion-content-layout-column\"><div class=\"fusion-title title fusion-title-3 fusion-sep-none fusion-title-center fusion-title-text fusion-title-size-two\" style=\"--awb-text-color:var(--awb-color1);--awb-margin-top:0px;--awb-font-size:47px;\"><h2 class=\"fusion-title-heading title-heading-center fusion-responsive-typography-calculated\" style=\"margin:0;font-size:1em;--fontSize:47;line-height:var(--awb-typography1-line-height);\"><p>&nbsp;<\/p>\n<p data-start=\"2211\" data-end=\"2243\">Con\u00f3cenos mejor<\/p>\n<p>&nbsp;<\/p><\/h2><\/div><div class=\"fusion-separator fusion-full-width-sep\" style=\"align-self: center;margin-left: auto;margin-right: auto;margin-top:18px;width:100%;\"><\/div><div class=\"fusion-text fusion-text-3\"><p style=\"text-align: center; color: var(--awb-color1);\">Si quieres saber c\u00f3mo trabajamos y qu\u00e9 nos mueve, estaremos encantados de compartir nuestra filosof\u00eda y nuestra pasi\u00f3n por los productos c\u00e1rnicos ecol\u00f3gicos.<\/p>\n<\/div><div style=\"text-align:center;\"><a class=\"fusion-button button-flat button-xlarge button-custom fusion-button-default button-1 fusion-button-default-span fusion-button-default-type\" style=\"--button_accent_color:var(--awb-color8);--button_border_color:var(--awb-color7);--button_accent_hover_color:var(--awb-color8);--button_border_hover_color:var(--awb-color1);--button_gradient_top_color:var(--awb-color1);--button_gradient_bottom_color:var(--awb-color1);--button_gradient_top_color_hover:var(--awb-color5);--button_gradient_bottom_color_hover:var(--awb-color5);--button_margin-top:16px;\" target=\"_self\" href=\"https:\/\/bovinslagasolinera.com\/es\/contacte\/\"><span class=\"fusion-button-text awb-button__text awb-button__text--default\">Contacta con nosotros<\/span><\/a><\/div><\/div><\/div><\/div><\/div><\/p>\n","protected":false},"excerpt":{"rendered":"","protected":false},"author":1,"featured_media":0,"parent":0,"menu_order":0,"comment_status":"closed","ping_status":"closed","template":"100-width.php","meta":{"footnotes":""},"class_list":["post-1739","page","type-page","status-publish","hentry"],"yoast_head":"<!-- This site is optimized with the Yoast SEO plugin v26.4 - https:\/\/yoast.com\/wordpress\/plugins\/seo\/ -->\n<title>Ganader\u00eda sostenible - Bovins La Gasolinera<\/title>\n<meta name=\"description\" content=\"En Bovins La Gasolinera hacemos ganader\u00eda sostenible y productos c\u00e1rnicos ecol\u00f3gicos de calidad. Nuestro compromiso est\u00e1 con el territorio.\" \/>\n<meta name=\"robots\" content=\"index, follow, max-snippet:-1, max-image-preview:large, max-video-preview:-1\" \/>\n<link rel=\"canonical\" href=\"https:\/\/bovinslagasolinera.com\/es\/servicios\/\" \/>\n<meta property=\"og:locale\" content=\"es_ES\" \/>\n<meta property=\"og:type\" content=\"article\" \/>\n<meta property=\"og:title\" content=\"Ganader\u00eda sostenible - Bovins La Gasolinera\" \/>\n<meta property=\"og:description\" content=\"En Bovins La Gasolinera hacemos ganader\u00eda sostenible y productos c\u00e1rnicos ecol\u00f3gicos de calidad. Nuestro compromiso est\u00e1 con el territorio.\" \/>\n<meta property=\"og:url\" content=\"https:\/\/bovinslagasolinera.com\/es\/servicios\/\" \/>\n<meta property=\"og:site_name\" content=\"Bovins La Gasolinera\" \/>\n<meta property=\"article:modified_time\" content=\"2025-11-19T11:40:48+00:00\" \/>\n<meta name=\"twitter:card\" content=\"summary_large_image\" \/>\n<meta name=\"twitter:label1\" content=\"Tiempo de lectura\" \/>\n\t<meta name=\"twitter:data1\" content=\"2 minutos\" \/>\n<script type=\"application\/ld+json\" class=\"yoast-schema-graph\">{\"@context\":\"https:\/\/schema.org\",\"@graph\":[{\"@type\":\"WebPage\",\"@id\":\"https:\/\/bovinslagasolinera.com\/es\/servicios\/\",\"url\":\"https:\/\/bovinslagasolinera.com\/es\/servicios\/\",\"name\":\"Ganader\u00eda sostenible - Bovins La Gasolinera\",\"isPartOf\":{\"@id\":\"https:\/\/bovinslagasolinera.com\/#website\"},\"datePublished\":\"2016-11-07T04:05:19+00:00\",\"dateModified\":\"2025-11-19T11:40:48+00:00\",\"description\":\"En Bovins La Gasolinera hacemos ganader\u00eda sostenible y productos c\u00e1rnicos ecol\u00f3gicos de calidad. Nuestro compromiso est\u00e1 con el territorio.\",\"breadcrumb\":{\"@id\":\"https:\/\/bovinslagasolinera.com\/es\/servicios\/#breadcrumb\"},\"inLanguage\":\"es\",\"potentialAction\":[{\"@type\":\"ReadAction\",\"target\":[\"https:\/\/bovinslagasolinera.com\/es\/servicios\/\"]}]},{\"@type\":\"BreadcrumbList\",\"@id\":\"https:\/\/bovinslagasolinera.com\/es\/servicios\/#breadcrumb\",\"itemListElement\":[{\"@type\":\"ListItem\",\"position\":1,\"name\":\"Inici\",\"item\":\"https:\/\/bovinslagasolinera.com\/es\/\"},{\"@type\":\"ListItem\",\"position\":2,\"name\":\"Servicios\"}]},{\"@type\":\"WebSite\",\"@id\":\"https:\/\/bovinslagasolinera.com\/#website\",\"url\":\"https:\/\/bovinslagasolinera.com\/\",\"name\":\"Bovins La Gasolinera\",\"description\":\"Productes carnis ecol\u00f2gics\",\"potentialAction\":[{\"@type\":\"SearchAction\",\"target\":{\"@type\":\"EntryPoint\",\"urlTemplate\":\"https:\/\/bovinslagasolinera.com\/?s={search_term_string}\"},\"query-input\":{\"@type\":\"PropertyValueSpecification\",\"valueRequired\":true,\"valueName\":\"search_term_string\"}}],\"inLanguage\":\"es\"}]}<\/script>\n<!-- \/ Yoast SEO plugin. -->","yoast_head_json":{"title":"Ganader\u00eda sostenible - Bovins La Gasolinera","description":"En Bovins La Gasolinera hacemos ganader\u00eda sostenible y productos c\u00e1rnicos ecol\u00f3gicos de calidad. Nuestro compromiso est\u00e1 con el territorio.","robots":{"index":"index","follow":"follow","max-snippet":"max-snippet:-1","max-image-preview":"max-image-preview:large","max-video-preview":"max-video-preview:-1"},"canonical":"https:\/\/bovinslagasolinera.com\/es\/servicios\/","og_locale":"es_ES","og_type":"article","og_title":"Ganader\u00eda sostenible - Bovins La Gasolinera","og_description":"En Bovins La Gasolinera hacemos ganader\u00eda sostenible y productos c\u00e1rnicos ecol\u00f3gicos de calidad. Nuestro compromiso est\u00e1 con el territorio.","og_url":"https:\/\/bovinslagasolinera.com\/es\/servicios\/","og_site_name":"Bovins La Gasolinera","article_modified_time":"2025-11-19T11:40:48+00:00","twitter_card":"summary_large_image","twitter_misc":{"Tiempo de lectura":"2 minutos"},"schema":{"@context":"https:\/\/schema.org","@graph":[{"@type":"WebPage","@id":"https:\/\/bovinslagasolinera.com\/es\/servicios\/","url":"https:\/\/bovinslagasolinera.com\/es\/servicios\/","name":"Ganader\u00eda sostenible - Bovins La Gasolinera","isPartOf":{"@id":"https:\/\/bovinslagasolinera.com\/#website"},"datePublished":"2016-11-07T04:05:19+00:00","dateModified":"2025-11-19T11:40:48+00:00","description":"En Bovins La Gasolinera hacemos ganader\u00eda sostenible y productos c\u00e1rnicos ecol\u00f3gicos de calidad. Nuestro compromiso est\u00e1 con el territorio.","breadcrumb":{"@id":"https:\/\/bovinslagasolinera.com\/es\/servicios\/#breadcrumb"},"inLanguage":"es","potentialAction":[{"@type":"ReadAction","target":["https:\/\/bovinslagasolinera.com\/es\/servicios\/"]}]},{"@type":"BreadcrumbList","@id":"https:\/\/bovinslagasolinera.com\/es\/servicios\/#breadcrumb","itemListElement":[{"@type":"ListItem","position":1,"name":"Inici","item":"https:\/\/bovinslagasolinera.com\/es\/"},{"@type":"ListItem","position":2,"name":"Servicios"}]},{"@type":"WebSite","@id":"https:\/\/bovinslagasolinera.com\/#website","url":"https:\/\/bovinslagasolinera.com\/","name":"Bovins La Gasolinera","description":"Productes carnis ecol\u00f2gics","potentialAction":[{"@type":"SearchAction","target":{"@type":"EntryPoint","urlTemplate":"https:\/\/bovinslagasolinera.com\/?s={search_term_string}"},"query-input":{"@type":"PropertyValueSpecification","valueRequired":true,"valueName":"search_term_string"}}],"inLanguage":"es"}]}},"_links":{"self":[{"href":"https:\/\/bovinslagasolinera.com\/es\/wp-json\/wp\/v2\/pages\/1739","targetHints":{"allow":["GET"]}}],"collection":[{"href":"https:\/\/bovinslagasolinera.com\/es\/wp-json\/wp\/v2\/pages"}],"about":[{"href":"https:\/\/bovinslagasolinera.com\/es\/wp-json\/wp\/v2\/types\/page"}],"author":[{"embeddable":true,"href":"https:\/\/bovinslagasolinera.com\/es\/wp-json\/wp\/v2\/users\/1"}],"replies":[{"embeddable":true,"href":"https:\/\/bovinslagasolinera.com\/es\/wp-json\/wp\/v2\/comments?post=1739"}],"version-history":[{"count":3,"href":"https:\/\/bovinslagasolinera.com\/es\/wp-json\/wp\/v2\/pages\/1739\/revisions"}],"predecessor-version":[{"id":1755,"href":"https:\/\/bovinslagasolinera.com\/es\/wp-json\/wp\/v2\/pages\/1739\/revisions\/1755"}],"wp:attachment":[{"href":"https:\/\/bovinslagasolinera.com\/es\/wp-json\/wp\/v2\/media?parent=1739"}],"curies":[{"name":"wp","href":"https:\/\/api.w.org\/{rel}","templated":true}]}}